{"id":13,"date":"2012-03-28T18:27:10","date_gmt":"2012-03-28T18:27:10","guid":{"rendered":"http:\/\/www.dragomezvalcarcel.com\/home\/?page_id=13"},"modified":"2012-08-15T20:43:22","modified_gmt":"2012-08-15T20:43:22","slug":"microscopio-especular","status":"publish","type":"page","link":"https:\/\/www.dragomezvalcarcel.com\/home\/?page_id=13","title":{"rendered":"Microscop\u00eda Especular"},"content":{"rendered":"<p>Como parte de la especialidad de c\u00f3rnea, la Dra. Mar\u00eda G\u00f3mez Valc\u00e1rcel ofrece el estudio de microscop\u00eda especular,<span style=\"color: #3366ff;\"> que permite tomar una fotograf\u00eda en vivo de la c\u00e9lulas que recubren la capa interna de la c\u00f3rnea.<\/span><\/p>\n<p>La microscop\u00eda especular se basa en la reflexi\u00f3n de un haz de luz para obtener im\u00e1genes en una interfase \u00f3ptica. En oftalmolog\u00eda, la interfase entre el endotelio corneal y el humor acuoso es la m\u00e1s estudiada con esta t\u00e9cnica. La mayor\u00eda de los equipos son de no contacto.<\/p>\n<p>El endotelio corneal est\u00e1 formado por una monocapa de c\u00e9lulas hexagonales que no se reproducen, y cuya funci\u00f3n es mantener la transparencia corneal a trav\u00e9s de la extracci\u00f3n de agua y regulaci\u00f3n del paso de nutrimentos del humor acuoso hacia el estroma.<\/p>\n<p><img fetchpriority=\"high\" decoding=\"async\" class=\"alignnone cmsmasters_img cmsmasters-lazyload lazyload\" title=\"celulares\" src=\"data:image\/png;base64,iVBORw0KGgoAAAANSUhEUgAAAAEAAAABAQMAAAAl21bKAAAAA1BMVEUAAP+KeNJXAAAAAXRSTlMAQObYZgAAAAlwSFlzAAAOxAAADsQBlSsOGwAAAApJREFUCNdjYAAAAAIAAeIhvDMAAAAASUVORK5CYII=\" alt=\"\" width=\"498\" height=\"229\" data-sizes=\"auto\" data-src=\"http:\/\/www.dragomezvalcarcel.com\/home\/wp-content\/uploads\/2012\/04\/celulares.jpg\"><\/p>\n<p>Un endotelio sano mantiene la forma hexagonal y el tama\u00f1o de sus c\u00e9lulas de manera homog\u00e9nea. Algunos factores como el envejecimiento, uso de lente de contacto, cirug\u00eda, etc., pueden modificar el n\u00famero, tama\u00f1o y forma de estas c\u00e9lulas. Se dice que hay polimegatismo (<a href=\"#fig2\">ver fig. 2 Polimegatismo<\/a>) cuando el coeficiente de variaci\u00f3n en el tama\u00f1o celular es mayor a 25%, y polimorfismo (<a href=\"#fig1\">ver fig. 1 Polimorfismo<\/a>) si menos del 70% de las c\u00e9lulas son hexagonales.<\/p>\n<figure id=\"attachment_124\" aria-describedby=\"caption-attachment-124\" style=\"width: 300px\" class=\"wp-caption aligncenter\"><a href=\"http:\/\/www.dragomezvalcarcel.com\/home\/wp-content\/uploads\/2012\/03\/3392-ce\u0301lulas-a.jpg\"><img decoding=\"async\" class=\"size-medium wp-image-124  cmsmasters_img cmsmasters-lazyload lazyload\" title=\"3392 ce\u0301lulas a\" src=\"data:image\/png;base64,iVBORw0KGgoAAAANSUhEUgAAAAEAAAABAQMAAAAl21bKAAAAA1BMVEUAAP+KeNJXAAAAAXRSTlMAQObYZgAAAAlwSFlzAAAOxAAADsQBlSsOGwAAAApJREFUCNdjYAAAAAIAAeIhvDMAAAAASUVORK5CYII=\" alt=\"\" width=\"300\" height=\"255\" data-sizes=\"(max-width: 300px) 100vw, 300px\" data-src=\"http:\/\/www.dragomezvalcarcel.com\/home\/wp-content\/uploads\/2012\/03\/3392-ce\u0301lulas-a-300x255.jpg\" data-srcset=\"https:\/\/www.dragomezvalcarcel.com\/home\/wp-content\/uploads\/2012\/03\/3392-ce\u0301lulas-a-300x255.jpg 300w, https:\/\/www.dragomezvalcarcel.com\/home\/wp-content\/uploads\/2012\/03\/3392-ce\u0301lulas-a-1024x870.jpg 1024w, https:\/\/www.dragomezvalcarcel.com\/home\/wp-content\/uploads\/2012\/03\/3392-ce\u0301lulas-a-352x300.jpg 352w, https:\/\/www.dragomezvalcarcel.com\/home\/wp-content\/uploads\/2012\/03\/3392-ce\u0301lulas-a.jpg 1027w\"><\/a><figcaption id=\"caption-attachment-124\" class=\"wp-caption-text\">Endotelio normal con densidad celular de 3392 c\u00e9lulas\/mm2<\/figcaption><\/figure>\n<p><span style=\"color: #3366ff;\">P\u00e9rdida endotelial<\/span><br \/>\nPor tratarse de c\u00e9lulas que no se reproducen, con el paso del tiempo disminuye su n\u00famero. La perdida de c\u00e9lulas endoteliales es de 0.6% anual en pacientes sin enfermedad ni cirug\u00eda (Bourne. Invest Ophthalmol Vis Sci 1997,38:779). El valor m\u00ednimo para mantener la c\u00f3rnea transparente es de 400 a 700 c\u00e9lulas\/mm2.<\/p>\n<p><img decoding=\"async\" class=\"alignnone cmsmasters_img cmsmasters-lazyload lazyload\" title=\"densidad\" src=\"data:image\/png;base64,iVBORw0KGgoAAAANSUhEUgAAAAEAAAABAQMAAAAl21bKAAAAA1BMVEUAAP+KeNJXAAAAAXRSTlMAQObYZgAAAAlwSFlzAAAOxAAADsQBlSsOGwAAAApJREFUCNdjYAAAAAIAAeIhvDMAAAAASUVORK5CYII=\" alt=\"\" width=\"498\" height=\"229\" data-sizes=\"auto\" data-src=\"http:\/\/www.dragomezvalcarcel.com\/home\/wp-content\/uploads\/2012\/04\/densidad.jpg\"><\/p>\n<p>Despu\u00e9s de un transplante de c\u00f3rnea, la p\u00e9rdida endotelial es 7 veces mayor. A tres meses es de 33% y a un a\u00f1o puede ser hasta de 50%. (Obata et al. Jpn J Ophtalmol 1991;35:411-416). Por tal motivo es necesario realizar microscop\u00eda especular al bot\u00f3n donador previo a la cirug\u00eda, y con regularidad despu\u00e9s de \u00e9sta.<\/p>\n<p>Despu\u00e9s de una cirug\u00eda de facoemulsificaci\u00f3n con implante de lente intraocular la p\u00e9rdida de c\u00e9lulas endoteliales puede variar entre el 8 y el 16.7% (D\u00edaz-Valle. J Cataract Refract Surg 1998;24:951-955). Las c\u00f3rneas con densidad celular menor a 1000 c\u00e9lulas\/mm2 podr\u00edan no tolerar la cirug\u00eda y desarrollar queratopat\u00eda bulosa (Ventura. Br J Ophthalmol 2001;85:18-20).<\/p>\n<p>Debe realizarse una microscop\u00eda especular si durante el examen cl\u00ednico se observan guttas, dep\u00f3sitos retroquer\u00e1ticos, c\u00e9lulas pigmentadas o inflamatorias, irregularidades en membrana de Descemet o aumento del grosor corneal.<\/p>\n<figure id=\"attachment_121\" aria-describedby=\"caption-attachment-121\" style=\"width: 300px\" class=\"wp-caption aligncenter\"><img loading=\"lazy\" decoding=\"async\" class=\"size-medium wp-image-121   cmsmasters_img cmsmasters-lazyload lazyload\" title=\"971 ce\u0301lulas\" src=\"data:image\/png;base64,iVBORw0KGgoAAAANSUhEUgAAAAEAAAABAQMAAAAl21bKAAAAA1BMVEUAAP+KeNJXAAAAAXRSTlMAQObYZgAAAAlwSFlzAAAOxAAADsQBlSsOGwAAAApJREFUCNdjYAAAAAIAAeIhvDMAAAAASUVORK5CYII=\" alt=\"\" width=\"300\" height=\"256\" data-sizes=\"(max-width: 300px) 100vw, 300px\" data-src=\"http:\/\/www.dragomezvalcarcel.com\/home\/wp-content\/uploads\/2012\/03\/971-ce\u0301lulas-300x256.jpg\" data-srcset=\"https:\/\/www.dragomezvalcarcel.com\/home\/wp-content\/uploads\/2012\/03\/971-ce\u0301lulas-300x256.jpg 300w, https:\/\/www.dragomezvalcarcel.com\/home\/wp-content\/uploads\/2012\/03\/971-ce\u0301lulas-350x300.jpg 350w, https:\/\/www.dragomezvalcarcel.com\/home\/wp-content\/uploads\/2012\/03\/971-ce\u0301lulas.jpg 1005w\"><figcaption id=\"caption-attachment-121\" class=\"wp-caption-text\">C\u00e9lulas endoteliales y excrecencias en la membrana de Descemet<\/figcaption><\/figure>\n<p><span style=\"color: #3366ff;\">Envejecimiento endotelial<\/span><br \/>\nComo parte del proceso de envejecimiento, el endotelio sufre aumento de pleomorfismo y polimegatismo y disminuci\u00f3n de la densidad celular<\/p>\n<p><span style=\"color: #3366ff;\">Reparaci\u00f3n endotelial<\/span><br \/>\nLas c\u00e9lulas endoteliales no se reproducen. Despu\u00e9s de que se ha generado da\u00f1o en el endotelio, los mecanismos de reparaci\u00f3n incluyen migraci\u00f3n de las c\u00e9lulas hacia el \u00e1rea afectada, aumento del tama\u00f1o de las c\u00e9lulas residuales con p\u00e9rdida de la hexagonalidad y formaci\u00f3n de rosetas.<\/p>\n<p><span style=\"color: #3366ff;\">Morfolog\u00eda endotelial<\/span><br \/>\nLas caracter\u00edsitcas normales de las celulas endoteliales son las que aparecen en la tabla de \u201ccaracter\u00edsticas celulares\u201d<\/p>\n<p><span style=\"color: #3366ff;\">Glaucoma<\/span><br \/>\nLa presi\u00f3n intraocular elevada y la baja concentraci\u00f3n de ox\u00edgeno en el humor acuoso son los dos mecanismos que explican la disminuci\u00f3n de densidad celular en el glaucoma.<\/p>\n<p><span style=\"color: #3366ff;\">Indicaciones para microscopia especular<\/span><\/p>\n<p>1) Examen cl\u00ednico corneal anormal<br \/>\n2) Adaptaci\u00f3n de lentes de contacto y usuarios cr\u00f3nicos<br \/>\n3) Edema de c\u00f3rnea sin explicaci\u00f3n<br \/>\n4) Sospecha de distrofia corneal<br \/>\n5) Pacientes trasplantados de c\u00f3rnea<br \/>\n6) Traumatismo corneal<br \/>\n7) Queratopatia bulosa<br \/>\n8 ) Queratocono y ectasia corneal en algunos casos<br \/>\n9) Erosiones epiteliales recurrentes<br \/>\n10) Implante de lente intraocular secundario<br \/>\n11) Pacientes a quienes se les realizar\u00e1 cirug\u00eda de lente intraocular f\u00e1quico<br \/>\n12) Pacientes que tienen un procedimiento intraocular previo y se les realizar\u00e1 cirug\u00eda de catarata<\/p>\n<figure id=\"attachment_150\" aria-describedby=\"caption-attachment-150\" style=\"width: 300px\" class=\"wp-caption alignleft\"><img loading=\"lazy\" decoding=\"async\" id=\"fig1\" class=\"size-medium wp-image-150 cmsmasters_img cmsmasters-lazyload lazyload\" title=\"polimorfismo\" src=\"data:image\/png;base64,iVBORw0KGgoAAAANSUhEUgAAAAEAAAABAQMAAAAl21bKAAAAA1BMVEUAAP+KeNJXAAAAAXRSTlMAQObYZgAAAAlwSFlzAAAOxAAADsQBlSsOGwAAAApJREFUCNdjYAAAAAIAAeIhvDMAAAAASUVORK5CYII=\" alt=\"\" width=\"300\" height=\"250\" data-sizes=\"(max-width: 300px) 100vw, 300px\" data-src=\"http:\/\/www.dragomezvalcarcel.com\/home\/wp-content\/uploads\/2012\/03\/polimorfismo-300x250.jpg\" data-srcset=\"https:\/\/www.dragomezvalcarcel.com\/home\/wp-content\/uploads\/2012\/03\/polimorfismo-300x250.jpg 300w, https:\/\/www.dragomezvalcarcel.com\/home\/wp-content\/uploads\/2012\/03\/polimorfismo-359x300.jpg 359w, https:\/\/www.dragomezvalcarcel.com\/home\/wp-content\/uploads\/2012\/03\/polimorfismo.jpg 1005w\"><figcaption id=\"caption-attachment-150\" class=\"wp-caption-text\">Fig 1. Polimorfismo<\/figcaption><\/figure>\n<figure id=\"attachment_140\" aria-describedby=\"caption-attachment-140\" style=\"width: 300px\" class=\"wp-caption alignleft\"><img loading=\"lazy\" decoding=\"async\" id=\"fig2\" class=\"size-medium wp-image-140 cmsmasters_img cmsmasters-lazyload lazyload\" title=\"polimegatismo\" src=\"data:image\/png;base64,iVBORw0KGgoAAAANSUhEUgAAAAEAAAABAQMAAAAl21bKAAAAA1BMVEUAAP+KeNJXAAAAAXRSTlMAQObYZgAAAAlwSFlzAAAOxAAADsQBlSsOGwAAAApJREFUCNdjYAAAAAIAAeIhvDMAAAAASUVORK5CYII=\" alt=\"\" width=\"300\" height=\"245\" data-sizes=\"(max-width: 300px) 100vw, 300px\" data-src=\"http:\/\/www.dragomezvalcarcel.com\/home\/wp-content\/uploads\/2012\/03\/polimegatismo1-300x245.jpg\" data-srcset=\"https:\/\/www.dragomezvalcarcel.com\/home\/wp-content\/uploads\/2012\/03\/polimegatismo1-300x245.jpg 300w, https:\/\/www.dragomezvalcarcel.com\/home\/wp-content\/uploads\/2012\/03\/polimegatismo1-1024x836.jpg 1024w, https:\/\/www.dragomezvalcarcel.com\/home\/wp-content\/uploads\/2012\/03\/polimegatismo1-367x300.jpg 367w, https:\/\/www.dragomezvalcarcel.com\/home\/wp-content\/uploads\/2012\/03\/polimegatismo1.jpg 1037w\"><figcaption id=\"caption-attachment-140\" class=\"wp-caption-text\">Fig. 2 (Polimegatismo)<\/figcaption><\/figure>\n","protected":false},"excerpt":{"rendered":"<p>Como parte de la especialidad de c\u00f3rnea, la Dra. Mar\u00eda G\u00f3mez Valc\u00e1rcel ofrece el estudio de microscop\u00eda especular, que permite tomar una fotograf\u00eda en vivo de la c\u00e9lulas que recubren la capa interna de la c\u00f3rnea. La microscop\u00eda especular se basa en la reflexi\u00f3n de un haz de luz para obtener im\u00e1genes en una interfase&#8230;<\/p>\n","protected":false},"author":1,"featured_media":0,"parent":0,"menu_order":0,"comment_status":"open","ping_status":"open","template":"","meta":{"_acf_changed":false,"pmpro_default_level":"","inline_featured_image":false,"footnotes":""},"class_list":["post-13","page","type-page","status-publish","hentry","pmpro-has-access"],"acf":[],"_links":{"self":[{"href":"https:\/\/www.dragomezvalcarcel.com\/home\/index.php?rest_route=\/wp\/v2\/pages\/13","targetHints":{"allow":["GET"]}}],"collection":[{"href":"https:\/\/www.dragomezvalcarcel.com\/home\/index.php?rest_route=\/wp\/v2\/pages"}],"about":[{"href":"https:\/\/www.dragomezvalcarcel.com\/home\/index.php?rest_route=\/wp\/v2\/types\/page"}],"author":[{"embeddable":true,"href":"https:\/\/www.dragomezvalcarcel.com\/home\/index.php?rest_route=\/wp\/v2\/users\/1"}],"replies":[{"embeddable":true,"href":"https:\/\/www.dragomezvalcarcel.com\/home\/index.php?rest_route=%2Fwp%2Fv2%2Fcomments&post=13"}],"version-history":[{"count":10,"href":"https:\/\/www.dragomezvalcarcel.com\/home\/index.php?rest_route=\/wp\/v2\/pages\/13\/revisions"}],"predecessor-version":[{"id":68,"href":"https:\/\/www.dragomezvalcarcel.com\/home\/index.php?rest_route=\/wp\/v2\/pages\/13\/revisions\/68"}],"wp:attachment":[{"href":"https:\/\/www.dragomezvalcarcel.com\/home\/index.php?rest_route=%2Fwp%2Fv2%2Fmedia&parent=13"}],"curies":[{"name":"wp","href":"https:\/\/api.w.org\/{rel}","templated":true}]}}